{"id":20,"date":"2023-11-20T13:26:02","date_gmt":"2023-11-20T13:26:02","guid":{"rendered":"https:\/\/ite.edu.co\/?page_id=20"},"modified":"2026-03-27T22:55:33","modified_gmt":"2026-03-27T22:55:33","slug":"servicios","status":"publish","type":"page","link":"https:\/\/ite.edu.co\/index.php\/servicios\/","title":{"rendered":"servicios"},"content":{"rendered":"<style>.elementor-20 .elementor-element.elementor-element-402eb33{padding:30px 0px 0px 0px;}.elementor-20 .elementor-element.elementor-element-9cc55cd{text-align:center;}.elementor-20 .elementor-element.elementor-element-9cc55cd .elementor-heading-title{color:var( --e-global-color-primary );}.elementor-20 .elementor-element.elementor-element-b162d7c{padding:20px 0px 40px 0px;}.elementor-20 .elementor-element.elementor-element-38fa484:not(.elementor-motion-effects-element-type-background) > .elementor-widget-wrap, .elementor-20 .elementor-element.elementor-element-38fa484 > .elementor-widget-wrap > .elementor-motion-effects-container > .elementor-motion-effects-layer{background-color:#FFFFFF;}.elementor-20 .elementor-element.elementor-element-38fa484 > .elementor-element-populated, .elementor-20 .elementor-element.elementor-element-38fa484 > .elementor-element-populated > .elementor-background-overlay, .elementor-20 .elementor-element.elementor-element-38fa484 > .elementor-background-slideshow{border-radius:20px 20px 20px 20px;}.elementor-20 .elementor-element.elementor-element-38fa484 > .elementor-element-populated{box-shadow:0px 0px 10px 0px rgba(0,0,0,0.5);transition:background 0.3s, border 0.3s, border-radius 0.3s, box-shadow 0.3s;margin:10px 10px 10px 10px;--e-column-margin-right:10px;--e-column-margin-left:10px;padding:20px 20px 20px 20px;}.elementor-20 .elementor-element.elementor-element-38fa484 > .elementor-element-populated > .elementor-background-overlay{transition:background 0.3s, border-radius 0.3s, opacity 0.3s;}.elementor-20 .elementor-element.elementor-element-0968469{text-align:center;}.elementor-20 .elementor-element.elementor-element-0968469 .elementor-heading-title{color:var( --e-global-color-c23071f );}.elementor-20 .elementor-element.elementor-element-b34235c img{box-shadow:0px 0px 10px 0px rgba(0,0,0,0.5);}.elementor-20 .elementor-element.elementor-element-6e2026a .elementor-button{background-color:var( --e-global-color-secondary );}.elementor-20 .elementor-element.elementor-element-6e2026a .elementor-button:hover, .elementor-20 .elementor-element.elementor-element-6e2026a .elementor-button:focus{color:var( --e-global-color-c23071f );background-color:var( --e-global-color-primary );}.elementor-20 .elementor-element.elementor-element-6e2026a .elementor-button:hover svg, .elementor-20 .elementor-element.elementor-element-6e2026a .elementor-button:focus svg{fill:var( --e-global-color-c23071f );}.elementor-20 .elementor-element.elementor-element-3295674:not(.elementor-motion-effects-element-type-background) > .elementor-widget-wrap, .elementor-20 .elementor-element.elementor-element-3295674 > .elementor-widget-wrap > .elementor-motion-effects-container > .elementor-motion-effects-layer{background-color:var( --e-global-color-c23071f );}.elementor-20 .elementor-element.elementor-element-3295674 > .elementor-element-populated, .elementor-20 .elementor-element.elementor-element-3295674 > .elementor-element-populated > .elementor-background-overlay, .elementor-20 .elementor-element.elementor-element-3295674 > .elementor-background-slideshow{border-radius:20px 20px 20px 20px;}.elementor-20 .elementor-element.elementor-element-3295674 > .elementor-element-populated{box-shadow:0px 0px 10px 0px rgba(0,0,0,0.5);transition:background 0.3s, border 0.3s, border-radius 0.3s, box-shadow 0.3s;margin:10px 10px 10px 10px;--e-column-margin-right:10px;--e-column-margin-left:10px;padding:20px 20px 20px 20px;}.elementor-20 .elementor-element.elementor-element-3295674 > .elementor-element-populated > .elementor-background-overlay{transition:background 0.3s, border-radius 0.3s, opacity 0.3s;}.elementor-20 .elementor-element.elementor-element-173c1b8{text-align:center;}.elementor-20 .elementor-element.elementor-element-173c1b8 .elementor-heading-title{color:#FFFFFF;}.elementor-20 .elementor-element.elementor-element-4b63699 img{box-shadow:0px 0px 10px 0px rgba(16.124443744161866, 142.49816182032745, 190.14765624999998, 0.5);}.elementor-20 .elementor-element.elementor-element-4061441 .elementor-button{fill:var( --e-global-color-c23071f );color:var( --e-global-color-c23071f );background-color:var( --e-global-color-primary );}.elementor-20 .elementor-element.elementor-element-4061441 .elementor-button:hover, .elementor-20 .elementor-element.elementor-element-4061441 .elementor-button:focus{color:#FFFFFF;background-color:#438EAD;}.elementor-20 .elementor-element.elementor-element-4061441 .elementor-button:hover svg, .elementor-20 .elementor-element.elementor-element-4061441 .elementor-button:focus svg{fill:#FFFFFF;}.elementor-20 .elementor-element.elementor-element-bbb89a7 > .elementor-element-populated, .elementor-20 .elementor-element.elementor-element-bbb89a7 > .elementor-element-populated > .elementor-background-overlay, .elementor-20 .elementor-element.elementor-element-bbb89a7 > .elementor-background-slideshow{border-radius:20px 20px 20px 20px;}.elementor-20 .elementor-element.elementor-element-bbb89a7 > .elementor-element-populated{box-shadow:0px 0px 10px 0px rgba(0,0,0,0.5);margin:10px 10px 10px 10px;--e-column-margin-right:10px;--e-column-margin-left:10px;padding:20px 20px 20px 20px;}.elementor-20 .elementor-element.elementor-element-bd4858a{text-align:center;}.elementor-20 .elementor-element.elementor-element-6b4e85d img{box-shadow:0px 0px 10px 0px rgba(0,0,0,0.5);}.elementor-20 .elementor-element.elementor-element-d46004e .elementor-button{background-color:var( --e-global-color-secondary );}.elementor-20 .elementor-element.elementor-element-d46004e .elementor-button:hover, .elementor-20 .elementor-element.elementor-element-d46004e .elementor-button:focus{color:var( --e-global-color-c23071f );background-color:var( --e-global-color-primary );}.elementor-20 .elementor-element.elementor-element-d46004e .elementor-button:hover svg, .elementor-20 .elementor-element.elementor-element-d46004e .elementor-button:focus svg{fill:var( --e-global-color-c23071f );}<\/style>\t\t<div data-elementor-type=\"wp-page\" data-elementor-id=\"20\" class=\"elementor elementor-20\" data-elementor-post-type=\"page\">\n\t\t\t\t\t\t<section class=\"elementor-section elementor-top-section elementor-element elementor-element-402eb33 elementor-section-boxed elementor-section-height-default elementor-section-height-default\" data-id=\"402eb33\" data-element_type=\"section\" data-e-type=\"section\">\n\t\t\t\t\t\t<div class=\"elementor-container elementor-column-gap-default\">\n\t\t\t\t\t<div class=\"elementor-column elementor-col-100 elementor-top-column elementor-element elementor-element-db9d8e3\" data-id=\"db9d8e3\" data-element_type=\"column\" data-e-type=\"column\">\n\t\t\t<div class=\"elementor-widget-wrap elementor-element-populated\">\n\t\t\t\t\t\t<div class=\"elementor-element elementor-element-9cc55cd elementor-widget elementor-widget-heading\" data-id=\"9cc55cd\" data-element_type=\"widget\" data-e-type=\"widget\" data-widget_type=\"heading.default\">\n\t\t\t\t<div class=\"elementor-widget-container\">\n\t\t\t\t\t<h2 class=\"elementor-heading-title elementor-size-default\">LICENCIAS DE CONDUCCI\u00d3N<\/h2>\t\t\t\t<\/div>\n\t\t\t\t<\/div>\n\t\t\t\t\t<\/div>\n\t\t<\/div>\n\t\t\t\t\t<\/div>\n\t\t<\/section>\n\t\t\t\t<section class=\"elementor-section elementor-top-section elementor-element elementor-element-b162d7c elementor-section-boxed elementor-section-height-default elementor-section-height-default\" data-id=\"b162d7c\" data-element_type=\"section\" data-e-type=\"section\">\n\t\t\t\t\t\t<div class=\"elementor-container elementor-column-gap-default\">\n\t\t\t\t\t<div class=\"elementor-column elementor-col-33 elementor-top-column elementor-element elementor-element-38fa484\" data-id=\"38fa484\" data-element_type=\"column\" data-e-type=\"column\" data-settings=\"{&quot;background_background&quot;:&quot;classic&quot;}\">\n\t\t\t<div class=\"elementor-widget-wrap elementor-element-populated\">\n\t\t\t\t\t\t<div class=\"elementor-element elementor-element-0968469 elementor-widget elementor-widget-heading\" data-id=\"0968469\" data-element_type=\"widget\" data-e-type=\"widget\" data-widget_type=\"heading.default\">\n\t\t\t\t<div class=\"elementor-widget-container\">\n\t\t\t\t\t<h2 class=\"elementor-heading-title elementor-size-large\">A2<\/h2>\t\t\t\t<\/div>\n\t\t\t\t<\/div>\n\t\t\t\t<div class=\"elementor-element elementor-element-b34235c elementor-widget elementor-widget-image\" data-id=\"b34235c\" data-element_type=\"widget\" data-e-type=\"widget\" data-widget_type=\"image.default\">\n\t\t\t\t<div class=\"elementor-widget-container\">\n\t\t\t\t\t\t\t\t\t\t\t\t\t\t\t<img fetchpriority=\"high\" decoding=\"async\" width=\"800\" height=\"800\" src=\"https:\/\/ite.edu.co\/wp-content\/uploads\/2024\/01\/A2@3x-1-1024x1024.png\" class=\"attachment-large size-large wp-image-82\" alt=\"\" srcset=\"https:\/\/ite.edu.co\/wp-content\/uploads\/2024\/01\/A2@3x-1-1024x1024.png 1024w, https:\/\/ite.edu.co\/wp-content\/uploads\/2024\/01\/A2@3x-1-300x300.png 300w, https:\/\/ite.edu.co\/wp-content\/uploads\/2024\/01\/A2@3x-1-150x150.png 150w, https:\/\/ite.edu.co\/wp-content\/uploads\/2024\/01\/A2@3x-1-768x768.png 768w, https:\/\/ite.edu.co\/wp-content\/uploads\/2024\/01\/A2@3x-1-1536x1536.png 1536w, https:\/\/ite.edu.co\/wp-content\/uploads\/2024\/01\/A2@3x-1-2048x2048.png 2048w\" sizes=\"(max-width: 800px) 100vw, 800px\" \/>\t\t\t\t\t\t\t\t\t\t\t\t\t\t\t<\/div>\n\t\t\t\t<\/div>\n\t\t\t\t<div class=\"elementor-element elementor-element-6e2026a elementor-align-center elementor-widget elementor-widget-button\" data-id=\"6e2026a\" data-element_type=\"widget\" data-e-type=\"widget\" data-widget_type=\"button.default\">\n\t\t\t\t<div class=\"elementor-widget-container\">\n\t\t\t\t\t\t\t\t\t<div class=\"elementor-button-wrapper\">\n\t\t\t\t\t<a class=\"elementor-button elementor-button-link elementor-size-lg\" href=\"https:\/\/wa.link\/mfrvsg\">\n\t\t\t\t\t\t<span class=\"elementor-button-content-wrapper\">\n\t\t\t\t\t\t\t\t\t<span class=\"elementor-button-text\">M\u00e1s informaci\u00f3n<\/span>\n\t\t\t\t\t<\/span>\n\t\t\t\t\t<\/a>\n\t\t\t\t<\/div>\n\t\t\t\t\t\t\t\t<\/div>\n\t\t\t\t<\/div>\n\t\t\t\t\t<\/div>\n\t\t<\/div>\n\t\t\t\t<div class=\"elementor-column elementor-col-33 elementor-top-column elementor-element elementor-element-3295674\" data-id=\"3295674\" data-element_type=\"column\" data-e-type=\"column\" data-settings=\"{&quot;background_background&quot;:&quot;classic&quot;}\">\n\t\t\t<div class=\"elementor-widget-wrap elementor-element-populated\">\n\t\t\t\t\t\t<div class=\"elementor-element elementor-element-173c1b8 elementor-widget elementor-widget-heading\" data-id=\"173c1b8\" data-element_type=\"widget\" data-e-type=\"widget\" data-widget_type=\"heading.default\">\n\t\t\t\t<div class=\"elementor-widget-container\">\n\t\t\t\t\t<h2 class=\"elementor-heading-title elementor-size-default\">B1<\/h2>\t\t\t\t<\/div>\n\t\t\t\t<\/div>\n\t\t\t\t<div class=\"elementor-element elementor-element-4b63699 elementor-widget elementor-widget-image\" data-id=\"4b63699\" data-element_type=\"widget\" data-e-type=\"widget\" data-widget_type=\"image.default\">\n\t\t\t\t<div class=\"elementor-widget-container\">\n\t\t\t\t\t\t\t\t\t\t\t\t\t\t\t<img decoding=\"async\" width=\"800\" height=\"800\" src=\"https:\/\/ite.edu.co\/wp-content\/uploads\/2024\/01\/B1@3x-2-1024x1024.png\" class=\"attachment-large size-large wp-image-87\" alt=\"\" srcset=\"https:\/\/ite.edu.co\/wp-content\/uploads\/2024\/01\/B1@3x-2-1024x1024.png 1024w, https:\/\/ite.edu.co\/wp-content\/uploads\/2024\/01\/B1@3x-2-300x300.png 300w, https:\/\/ite.edu.co\/wp-content\/uploads\/2024\/01\/B1@3x-2-150x150.png 150w, https:\/\/ite.edu.co\/wp-content\/uploads\/2024\/01\/B1@3x-2-768x768.png 768w, https:\/\/ite.edu.co\/wp-content\/uploads\/2024\/01\/B1@3x-2-1536x1536.png 1536w, https:\/\/ite.edu.co\/wp-content\/uploads\/2024\/01\/B1@3x-2-2048x2048.png 2048w\" sizes=\"(max-width: 800px) 100vw, 800px\" \/>\t\t\t\t\t\t\t\t\t\t\t\t\t\t\t<\/div>\n\t\t\t\t<\/div>\n\t\t\t\t<div class=\"elementor-element elementor-element-4061441 elementor-align-center elementor-widget elementor-widget-button\" data-id=\"4061441\" data-element_type=\"widget\" data-e-type=\"widget\" data-widget_type=\"button.default\">\n\t\t\t\t<div class=\"elementor-widget-container\">\n\t\t\t\t\t\t\t\t\t<div class=\"elementor-button-wrapper\">\n\t\t\t\t\t<a class=\"elementor-button elementor-button-link elementor-size-lg\" href=\"https:\/\/wa.link\/mfrvsg\">\n\t\t\t\t\t\t<span class=\"elementor-button-content-wrapper\">\n\t\t\t\t\t\t\t\t\t<span class=\"elementor-button-text\">M\u00e1s informaci\u00f3n<\/span>\n\t\t\t\t\t<\/span>\n\t\t\t\t\t<\/a>\n\t\t\t\t<\/div>\n\t\t\t\t\t\t\t\t<\/div>\n\t\t\t\t<\/div>\n\t\t\t\t\t<\/div>\n\t\t<\/div>\n\t\t\t\t<div class=\"elementor-column elementor-col-33 elementor-top-column elementor-element elementor-element-bbb89a7\" data-id=\"bbb89a7\" data-element_type=\"column\" data-e-type=\"column\">\n\t\t\t<div class=\"elementor-widget-wrap elementor-element-populated\">\n\t\t\t\t\t\t<div class=\"elementor-element elementor-element-bd4858a elementor-widget elementor-widget-heading\" data-id=\"bd4858a\" data-element_type=\"widget\" data-e-type=\"widget\" data-widget_type=\"heading.default\">\n\t\t\t\t<div class=\"elementor-widget-container\">\n\t\t\t\t\t<h2 class=\"elementor-heading-title elementor-size-default\">C1<\/h2>\t\t\t\t<\/div>\n\t\t\t\t<\/div>\n\t\t\t\t<div class=\"elementor-element elementor-element-6b4e85d elementor-widget elementor-widget-image\" data-id=\"6b4e85d\" data-element_type=\"widget\" data-e-type=\"widget\" data-widget_type=\"image.default\">\n\t\t\t\t<div class=\"elementor-widget-container\">\n\t\t\t\t\t\t\t\t\t\t\t\t\t\t\t<img decoding=\"async\" width=\"800\" height=\"800\" src=\"https:\/\/ite.edu.co\/wp-content\/uploads\/2024\/01\/C1@3x-3-1024x1024.png\" class=\"attachment-large size-large wp-image-88\" alt=\"\" srcset=\"https:\/\/ite.edu.co\/wp-content\/uploads\/2024\/01\/C1@3x-3-1024x1024.png 1024w, https:\/\/ite.edu.co\/wp-content\/uploads\/2024\/01\/C1@3x-3-300x300.png 300w, https:\/\/ite.edu.co\/wp-content\/uploads\/2024\/01\/C1@3x-3-150x150.png 150w, https:\/\/ite.edu.co\/wp-content\/uploads\/2024\/01\/C1@3x-3-768x768.png 768w, https:\/\/ite.edu.co\/wp-content\/uploads\/2024\/01\/C1@3x-3-1536x1536.png 1536w, https:\/\/ite.edu.co\/wp-content\/uploads\/2024\/01\/C1@3x-3-2048x2048.png 2048w\" sizes=\"(max-width: 800px) 100vw, 800px\" \/>\t\t\t\t\t\t\t\t\t\t\t\t\t\t\t<\/div>\n\t\t\t\t<\/div>\n\t\t\t\t<div class=\"elementor-element elementor-element-d46004e elementor-align-center elementor-widget elementor-widget-button\" data-id=\"d46004e\" data-element_type=\"widget\" data-e-type=\"widget\" data-widget_type=\"button.default\">\n\t\t\t\t<div class=\"elementor-widget-container\">\n\t\t\t\t\t\t\t\t\t<div class=\"elementor-button-wrapper\">\n\t\t\t\t\t<a class=\"elementor-button elementor-button-link elementor-size-lg\" href=\"https:\/\/wa.link\/mfrvsg\">\n\t\t\t\t\t\t<span class=\"elementor-button-content-wrapper\">\n\t\t\t\t\t\t\t\t\t<span class=\"elementor-button-text\">M\u00e1s informaci\u00f3n<\/span>\n\t\t\t\t\t<\/span>\n\t\t\t\t\t<\/a>\n\t\t\t\t<\/div>\n\t\t\t\t\t\t\t\t<\/div>\n\t\t\t\t<\/div>\n\t\t\t\t\t<\/div>\n\t\t<\/div>\n\t\t\t\t\t<\/div>\n\t\t<\/section>\n\t\t\t\t<\/div>\n\t\t","protected":false},"excerpt":{"rendered":"<p>LICENCIAS DE CONDUCCI\u00d3N A2 M\u00e1s informaci\u00f3n B1 M\u00e1s informaci\u00f3n C1 M\u00e1s informaci\u00f3n<\/p>\n","protected":false},"author":2,"featured_media":0,"parent":0,"menu_order":0,"comment_status":"closed","ping_status":"closed","template":"elementor_header_footer","meta":{"_joinchat":[],"footnotes":""},"class_list":["post-20","page","type-page","status-publish","hentry"],"_links":{"self":[{"href":"https:\/\/ite.edu.co\/index.php\/wp-json\/wp\/v2\/pages\/20"}],"collection":[{"href":"https:\/\/ite.edu.co\/index.php\/wp-json\/wp\/v2\/pages"}],"about":[{"href":"https:\/\/ite.edu.co\/index.php\/wp-json\/wp\/v2\/types\/page"}],"author":[{"embeddable":true,"href":"https:\/\/ite.edu.co\/index.php\/wp-json\/wp\/v2\/users\/2"}],"replies":[{"embeddable":true,"href":"https:\/\/ite.edu.co\/index.php\/wp-json\/wp\/v2\/comments?post=20"}],"version-history":[{"count":31,"href":"https:\/\/ite.edu.co\/index.php\/wp-json\/wp\/v2\/pages\/20\/revisions"}],"predecessor-version":[{"id":422,"href":"https:\/\/ite.edu.co\/index.php\/wp-json\/wp\/v2\/pages\/20\/revisions\/422"}],"wp:attachment":[{"href":"https:\/\/ite.edu.co\/index.php\/wp-json\/wp\/v2\/media?parent=20"}],"curies":[{"name":"wp","href":"https:\/\/api.w.org\/{rel}","templated":true}]}}